{"id":820,"date":"2026-04-19T04:55:26","date_gmt":"2026-04-19T02:55:26","guid":{"rendered":"https:\/\/lapeuterne.fr\/?page_id=820"},"modified":"2026-05-01T00:42:27","modified_gmt":"2026-04-30T22:42:27","slug":"aux-alentours-se-divertir-activites-pour-tous-les-profils","status":"publish","type":"page","link":"https:\/\/lapeuterne.fr\/en\/aux-alentours-se-divertir-activites-pour-tous-les-profils\/","title":{"rendered":"Aux alentours : se divertir, activit\u00e9s pour tous les profils"},"content":{"rendered":"<div class=\"wpb-content-wrapper\"><div class=\"vc_row wpb_row section vc_row-fluid  grid_section\" style=' text-align:center;'><div class=\"section_inner clearfix\"><div class='section_inner_margin clearfix'><div class=\"wpb_column vc_column_container vc_col-sm-12 vc_col-lg-offset-2 vc_col-lg-8\"><div class=\"vc_column-inner vc_custom_1516710684527\"><div class=\"wpb_wrapper\"><div class='q_elements_holder one_column responsive_mode_from_768' ><div class='q_elements_item' data-1280-1440='42px 66px 59px 66px' data-480='71px 20px 59px 23px' data-animation='no' data-item-class='q_elements_holder_custom_910679' style='background-color:#ffffff;'><div class='q_elements_item_inner'><div class='q_elements_item_content q_elements_holder_custom_910679' style='padding:42px 88px 59px 88px'>\n\t<div class=\"wpb_text_column wpb_content_element\">\n\t\t<div class=\"wpb_wrapper\">\n\t\t\t<h1>Things to do<\/h1>\n\n\t\t<\/div>\n\t<\/div>\n\t<div class=\"wpb_text_column wpb_content_element\">\n\t\t<div class=\"wpb_wrapper\">\n\t\t\t<p><span style=\"font-size: 18px;\">Activities for every type of traveller<br \/>\n<\/span><\/p>\n\n\t\t<\/div>\n\t<\/div><\/div><\/div><\/div><\/div><\/div><\/div><\/div><\/div><\/div><\/div><div      class=\"vc_row wpb_row section vc_row-fluid  vc_custom_1776569369356 grid_section\" style=' text-align:left;'><div class=\"section_inner clearfix\"><div class='section_inner_margin clearfix'><div class=\"wpb_column vc_column_container vc_col-sm-2\"><div class=\"vc_column-inner\"><div class=\"wpb_wrapper\"><\/div><\/div><\/div><div class=\"wpb_column vc_column_container vc_col-sm-8\"><div class=\"vc_column-inner\"><div class=\"wpb_wrapper\"><div      class=\"vc_row wpb_row section vc_row-fluid vc_inner\" style=' text-align:left;'><div class=\"full_section_inner clearfix\"><div class=\"wpb_column vc_column_container vc_col-sm-6\"><div class=\"vc_column-inner\"><div class=\"wpb_wrapper\">\n\t<div class=\"wpb_text_column wpb_content_element\">\n\t\t<div class=\"wpb_wrapper\">\n\t\t\t<h2>Hiking<\/h2>\n<p>The Breton countryside can be explored at a leisurely stroll or a brisk pace. On the programme:<\/p>\n<ul>\n<li>Rennes Forest (6 km): numerous marked trails for all ages<\/li>\n<\/ul>\n<p>&nbsp;<\/p>\n<ul>\n<li>Couesnon Valley (25 km): unspoiled landscapes and rural heritage<\/li>\n<\/ul>\n<p>&nbsp;<\/p>\n<ul>\n<li>Discovery hiking trails near Mouaz\u00e9<br \/>\n\u2192 <a href=\"http:\/\/valdille-aubigne.fr\/sentiers-decouverte\" target=\"_blank\" rel=\"noopener\">valdille-aubigne.fr\/sentiers-decouverte<\/a><\/li>\n<\/ul>\n<p>&nbsp;<\/p>\n<ul>\n<li>The Cr\u00eates de Gahard (10 km from La Peuterne): panoramic views over the bocage<br \/>\n\u2192 <a href=\"http:\/\/valdille-aubigne.fr\/sentiers-decouverte\" target=\"_blank\" rel=\"noopener\">valdille-aubigne.fr\/sentiers-decouverte<\/a><\/li>\n<\/ul>\n<p>&nbsp;<\/p>\n<ul>\n<li>The Bois Roux between Gahard and Saint-Aubin-d'Aubign\u00e9 (10 km)<br \/>\n\u2192 <a href=\"http:\/\/valdille-aubigne.fr\/sentiers-decouverte\" target=\"_blank\" rel=\"noopener\">valdille-aubigne.fr\/sentiers-decouverte<\/a><\/li>\n<\/ul>\n<p>&nbsp;<\/p>\n<ul>\n<li>Pluvignon loop trail from Betton (6 km from La Peuterne)<br \/>\n\u2192 <a href=\"https:\/\/www.visorando.com\/randonnee-le-petit-tour-de-pluvignon-au-depart-de-\/\" target=\"_blank\" rel=\"noopener\">www.visorando.com\/randonnee-le-petit-tour-de-pluvignon-au-depart-de-<\/a><\/li>\n<\/ul>\n\n\t\t<\/div>\n\t<\/div><div class=\"vc_empty_space\"  style=\"height: 32px\" >\n\t<span class=\"vc_empty_space_inner\">\n\t\t<span class=\"empty_space_image\"  ><\/span>\n\t<\/span>\n<\/div><\/div><\/div><\/div><div class=\"wpb_column vc_column_container vc_col-sm-6\"><div class=\"vc_column-inner\"><div class=\"wpb_wrapper\">\n\t<div class=\"wpb_text_column wpb_content_element\">\n\t\t<div class=\"wpb_wrapper\">\n\t\t\t<h2>Cycling and mountain biking<\/h2>\n<p>From La Peuterne, there are plenty of varied cycling routes to explore:<\/p>\n<ul>\n<li>Cycling circuits (mountain bike and leisure cycling) near Mouaz\u00e9<br \/>\n\u2192 <a href=\"http:\/\/valdille-aubigne.fr\/tourisme\/circuits-velo\/\" target=\"_blank\" rel=\"noopener\">valdille-aubigne.fr\/tourisme\/circuits-velo\/<\/a><\/li>\n<\/ul>\n<p>&nbsp;<\/p>\n<ul>\n<li>The Cr\u00eates de Gahard by bike (10 km) - Moderate elevation, rewarding scenery<br \/>\n\u2192 <a href=\"http:\/\/valdille-aubigne.fr\/tourisme\/circuits-velo\/\" target=\"_blank\" rel=\"noopener\">valdille-aubigne.fr\/tourisme\/circuits-velo\/<\/a><\/li>\n<\/ul>\n<p>&nbsp;<\/p>\n<ul>\n<li>The Ille-et-Rance Canal: the V42 route, Saint-Malo \u2194 Rennes by bike (less than 5 km)<br \/>\n\u2192 <a href=\"http:\/\/ille-et-vilaine-tourisme.bzh\/partez-a-la-decouverte-de-lille-et-vilaine\/nature-et-detente\/les-grands-itineraires-a-velo\/\" target=\"_blank\" rel=\"noopener\">ille-et-vilaine-tourisme.bzh\/partez-a-la-decouverte-de-lille-et-vilaine\/nature-et-detente\/les-grands-itineraires-a-velo\/<\/a><\/li>\n<\/ul>\n<p><strong>La Peuterne holds the Accueil V\u00e9lo (Bike Welcome) label.<\/strong>Find all services dedicated to cyclists on our <a href=\"https:\/\/lapeuterne.fr\/en\/accueil-velo\/\">Bike Welcome<\/a>.<\/p>\n\n\t\t<\/div>\n\t<\/div><div class=\"vc_empty_space\"  style=\"height: 20px\" >\n\t<span class=\"vc_empty_space_inner\">\n\t\t<span class=\"empty_space_image\"  ><\/span>\n\t<\/span>\n<\/div>\n\t<div class=\"wpb_text_column wpb_content_element\">\n\t\t<div class=\"wpb_wrapper\">\n\t\t\t<h2>Golf<\/h2>\n<ul>\n<li>Cesson-S\u00e9vign\u00e9 Municipal Golf Course (16 km)<\/li>\n<li>Cap Malo Golf Course in Melesse (13 km)<br \/>\n\u2192 <a href=\"http:\/\/le-golf-cap-malo.com\" target=\"_blank\" rel=\"noopener\">le-golf-cap-malo.com<\/a><\/li>\n<\/ul>\n\n\t\t<\/div>\n\t<\/div><div class=\"vc_empty_space\"  style=\"height: 32px\" >\n\t<span class=\"vc_empty_space_inner\">\n\t\t<span class=\"empty_space_image\"  ><\/span>\n\t<\/span>\n<\/div><\/div><\/div><\/div><\/div><\/div><div class=\"vc_empty_space\"  style=\"height: 32px\" >\n\t<span class=\"vc_empty_space_inner\">\n\t\t<span class=\"empty_space_image\"  ><\/span>\n\t<\/span>\n<\/div><\/div><\/div><\/div><div class=\"wpb_column vc_column_container vc_col-sm-2\"><div class=\"vc_column-inner\"><div class=\"wpb_wrapper\"><\/div><\/div><\/div><\/div><\/div><\/div><div      class=\"vc_row wpb_row section vc_row-fluid  vc_custom_1776569399900 grid_section\" style='background-color:#FFFDF7; text-align:left;'><svg class=\"angled-section svg-top\" preserveaspectratio=\"none\" viewbox=\"0 0 86 86\" width=\"100%\" height=\"86\"><polygon points=\"0,86 86,0 86,86\" style=\"fill:#FFFDF7;\" \/><\/svg><div class=\"section_inner clearfix\"><div class='section_inner_margin clearfix'><div class=\"wpb_column vc_column_container vc_col-sm-2\"><div class=\"vc_column-inner\"><div class=\"wpb_wrapper\"><\/div><\/div><\/div><div class=\"wpb_column vc_column_container vc_col-sm-8\"><div class=\"vc_column-inner\"><div class=\"wpb_wrapper\"><div class=\"vc_empty_space\"  style=\"height: 32px\" >\n\t<span class=\"vc_empty_space_inner\">\n\t\t<span class=\"empty_space_image\"  ><\/span>\n\t<\/span>\n<\/div>\n\t<div class=\"wpb_text_column wpb_content_element\">\n\t\t<div class=\"wpb_wrapper\">\n\t\t\t<h2>Nature and outdoor thrills<\/h2>\n<ul>\n<li>\u00c9tang de Boulet in Feins (16 km): beach and watersports centre - kayaking, sailing dinghies, pedal boats<\/li>\n<li>Equestrian centres in Betton (5 km)<\/li>\n<li>CWR Forest: Horse riding<br \/>\n\u2192 <a href=\"http:\/\/cwrfforest.com\" target=\"_blank\" rel=\"noopener\">cwrfforest.com<\/a><\/li>\n<li>La Petite Hublais: Horse riding<br \/>\n\u2192 <a href=\"http:\/\/lapetitehublais.fr\" target=\"_blank\" rel=\"noopener\">lapetitehublais.fr<\/a><\/li>\n<\/ul>\n\n\t\t<\/div>\n\t<\/div><div class=\"vc_empty_space\"  style=\"height: 32px\" >\n\t<span class=\"vc_empty_space_inner\">\n\t\t<span class=\"empty_space_image\"  ><\/span>\n\t<\/span>\n<\/div>\n\t<div class=\"wpb_text_column wpb_content_element\">\n\t\t<div class=\"wpb_wrapper\">\n\t\t\t<h2>Treetop adventure parks<\/h2>\n<ul>\n<li>For\u00eat Adr\u00e9naline: Parc des Gayeulles, rue du Professeur Maurice Audin, Rennes \u2013 Perfect for families!<br \/>\n\u2192 <a href=\"http:\/\/foretadrenaline.com\/rennes\/\" target=\"_blank\" rel=\"noopener\">foretadrenaline.com\/rennes\/<\/a><\/li>\n<li>Les Bretons Perch\u00e9s: 1 Moulin de la For\u00eat, Bazouges-la-P\u00e9rouse (between Rennes and Saint-Malo)<br \/>\n\u2192 <a href=\"http:\/\/parc-des-grands-chenes.fr\/\" target=\"_blank\" rel=\"noopener\">parc-des-grands-chenes.fr<\/a><\/li>\n<\/ul>\n\n\t\t<\/div>\n\t<\/div><div class=\"vc_empty_space\"  style=\"height: 32px\" >\n\t<span class=\"vc_empty_space_inner\">\n\t\t<span class=\"empty_space_image\"  ><\/span>\n\t<\/span>\n<\/div><\/div><\/div><\/div><div class=\"wpb_column vc_column_container vc_col-sm-2\"><div class=\"vc_column-inner\"><div class=\"wpb_wrapper\"><\/div><\/div><\/div><\/div><\/div><svg class=\"angled-section svg-bottom\" preserveaspectratio=\"none\" viewbox=\"0 0 86 86\" width=\"100%\" height=\"86\"><polygon points=\"0,0 0,86 86,0\" style=\"fill:#FFFDF7;\" \/><\/svg><\/div>\n<\/div>","protected":false},"excerpt":{"rendered":"Se divertir Activit\u00e9s pour tous les profils Randonn\u00e9e p\u00e9destre La campagne bretillienne se parcourt \u00e0 toute allure ou \u00e0 pas lents. Au programme : For\u00eat de Rennes (6 km) : nombreux sentiers balis\u00e9s pour petits et grands &nbsp; Vall\u00e9e du Couesnon (25 km) : paysages...","protected":false},"author":1,"featured_media":824,"parent":0,"menu_order":45,"comment_status":"closed","ping_status":"closed","template":"full_width.php","meta":{"inline_featured_image":false,"footnotes":""},"class_list":["post-820","page","type-page","status-publish","has-post-thumbnail","hentry"],"yoast_head":"<!-- This site is optimized with the Yoast SEO plugin v27.5 - https:\/\/yoast.com\/product\/yoast-seo-wordpress\/ -->\n<title>Que faire autour de Rennes ? Visites, restos &amp; activit\u00e9s<\/title>\n<meta name=\"description\" content=\"Que faire pr\u00e8s de Rennes, activit\u00e9s Ille-et-Vilaine, visite Bretagne famille, randonn\u00e9e Mouaz\u00e9, restaurant gastronomique.\" \/>\n<meta name=\"robots\" content=\"index, follow, max-snippet:-1, max-image-preview:large, max-video-preview:-1\" \/>\n<link rel=\"canonical\" href=\"https:\/\/lapeuterne.fr\/en\/aux-alentours-se-divertir-activites-pour-tous-les-profils\/\" \/>\n<meta property=\"og:locale\" content=\"en_GB\" \/>\n<meta property=\"og:type\" content=\"article\" \/>\n<meta property=\"og:title\" content=\"Que faire autour de Rennes ? Visites, restos &amp; activit\u00e9s\" \/>\n<meta property=\"og:description\" content=\"Que faire pr\u00e8s de Rennes, activit\u00e9s Ille-et-Vilaine, visite Bretagne famille, randonn\u00e9e Mouaz\u00e9, restaurant gastronomique.\" \/>\n<meta property=\"og:url\" content=\"https:\/\/lapeuterne.fr\/en\/aux-alentours-se-divertir-activites-pour-tous-les-profils\/\" \/>\n<meta property=\"og:site_name\" content=\"La Peuterne - Chambre d&#039;h\u00f4te\" \/>\n<meta property=\"article:publisher\" content=\"https:\/\/www.facebook.com\/profile.php?id=100083455444141\" \/>\n<meta property=\"article:modified_time\" content=\"2026-04-30T22:42:27+00:00\" \/>\n<meta property=\"og:image\" content=\"https:\/\/lapeuterne.fr\/wp-content\/uploads\/2026\/04\/jake-melara-Yh6K2eTr_FY-unsplash.jpg\" \/>\n\t<meta property=\"og:image:width\" content=\"1920\" \/>\n\t<meta property=\"og:image:height\" content=\"1280\" \/>\n\t<meta property=\"og:image:type\" content=\"image\/jpeg\" \/>\n<meta name=\"twitter:card\" content=\"summary_large_image\" \/>\n<meta name=\"twitter:label1\" content=\"Estimated reading time\" \/>\n\t<meta name=\"twitter:data1\" content=\"2 minutes\" \/>\n<script type=\"application\/ld+json\" class=\"yoast-schema-graph\">{\"@context\":\"https:\\\/\\\/schema.org\",\"@graph\":[{\"@type\":\"WebPage\",\"@id\":\"https:\\\/\\\/lapeuterne.fr\\\/aux-alentours-se-divertir-activites-pour-tous-les-profils\\\/\",\"url\":\"https:\\\/\\\/lapeuterne.fr\\\/aux-alentours-se-divertir-activites-pour-tous-les-profils\\\/\",\"name\":\"Que faire autour de Rennes ? Visites, restos & activit\u00e9s\",\"isPartOf\":{\"@id\":\"https:\\\/\\\/lapeuterne.fr\\\/#website\"},\"primaryImageOfPage\":{\"@id\":\"https:\\\/\\\/lapeuterne.fr\\\/aux-alentours-se-divertir-activites-pour-tous-les-profils\\\/#primaryimage\"},\"image\":{\"@id\":\"https:\\\/\\\/lapeuterne.fr\\\/aux-alentours-se-divertir-activites-pour-tous-les-profils\\\/#primaryimage\"},\"thumbnailUrl\":\"https:\\\/\\\/lapeuterne.fr\\\/wp-content\\\/uploads\\\/2026\\\/04\\\/jake-melara-Yh6K2eTr_FY-unsplash.jpg\",\"datePublished\":\"2026-04-19T02:55:26+00:00\",\"dateModified\":\"2026-04-30T22:42:27+00:00\",\"description\":\"Que faire pr\u00e8s de Rennes, activit\u00e9s Ille-et-Vilaine, visite Bretagne famille, randonn\u00e9e Mouaz\u00e9, restaurant gastronomique.\",\"breadcrumb\":{\"@id\":\"https:\\\/\\\/lapeuterne.fr\\\/aux-alentours-se-divertir-activites-pour-tous-les-profils\\\/#breadcrumb\"},\"inLanguage\":\"en-GB\",\"potentialAction\":[{\"@type\":\"ReadAction\",\"target\":[\"https:\\\/\\\/lapeuterne.fr\\\/aux-alentours-se-divertir-activites-pour-tous-les-profils\\\/\"]}]},{\"@type\":\"ImageObject\",\"inLanguage\":\"en-GB\",\"@id\":\"https:\\\/\\\/lapeuterne.fr\\\/aux-alentours-se-divertir-activites-pour-tous-les-profils\\\/#primaryimage\",\"url\":\"https:\\\/\\\/lapeuterne.fr\\\/wp-content\\\/uploads\\\/2026\\\/04\\\/jake-melara-Yh6K2eTr_FY-unsplash.jpg\",\"contentUrl\":\"https:\\\/\\\/lapeuterne.fr\\\/wp-content\\\/uploads\\\/2026\\\/04\\\/jake-melara-Yh6K2eTr_FY-unsplash.jpg\",\"width\":1920,\"height\":1280,\"caption\":\"Randonn\u00e9e \\\/ Cr\u00e9dit photo : Jake Melara - UnSplash\"},{\"@type\":\"BreadcrumbList\",\"@id\":\"https:\\\/\\\/lapeuterne.fr\\\/aux-alentours-se-divertir-activites-pour-tous-les-profils\\\/#breadcrumb\",\"itemListElement\":[{\"@type\":\"ListItem\",\"position\":1,\"name\":\"Accueil\",\"item\":\"https:\\\/\\\/lapeuterne.fr\\\/\"},{\"@type\":\"ListItem\",\"position\":2,\"name\":\"Aux alentours : se divertir, activit\u00e9s pour tous les profils\"}]},{\"@type\":\"WebSite\",\"@id\":\"https:\\\/\\\/lapeuterne.fr\\\/#website\",\"url\":\"https:\\\/\\\/lapeuterne.fr\\\/\",\"name\":\"La Peuterne - Chambre d'h\u00f4te\",\"description\":\"\",\"publisher\":{\"@id\":\"https:\\\/\\\/lapeuterne.fr\\\/#organization\"},\"potentialAction\":[{\"@type\":\"SearchAction\",\"target\":{\"@type\":\"EntryPoint\",\"urlTemplate\":\"https:\\\/\\\/lapeuterne.fr\\\/?s={search_term_string}\"},\"query-input\":{\"@type\":\"PropertyValueSpecification\",\"valueRequired\":true,\"valueName\":\"search_term_string\"}}],\"inLanguage\":\"en-GB\"},{\"@type\":\"Organization\",\"@id\":\"https:\\\/\\\/lapeuterne.fr\\\/#organization\",\"name\":\"La Peuterne - Chambre d'h\u00f4te\",\"url\":\"https:\\\/\\\/lapeuterne.fr\\\/\",\"logo\":{\"@type\":\"ImageObject\",\"inLanguage\":\"en-GB\",\"@id\":\"https:\\\/\\\/lapeuterne.fr\\\/#\\\/schema\\\/logo\\\/image\\\/\",\"url\":\"https:\\\/\\\/lapeuterne.fr\\\/wp-content\\\/uploads\\\/2026\\\/04\\\/la-peuterne-vert-fonce.svg\",\"contentUrl\":\"https:\\\/\\\/lapeuterne.fr\\\/wp-content\\\/uploads\\\/2026\\\/04\\\/la-peuterne-vert-fonce.svg\",\"width\":180,\"height\":80,\"caption\":\"La Peuterne - Chambre d'h\u00f4te\"},\"image\":{\"@id\":\"https:\\\/\\\/lapeuterne.fr\\\/#\\\/schema\\\/logo\\\/image\\\/\"},\"sameAs\":[\"https:\\\/\\\/www.facebook.com\\\/profile.php?id=100083455444141\",\"https:\\\/\\\/www.instagram.com\\\/lapeuterne35\\\/\"]}]}<\/script>\n<!-- \/ Yoast SEO plugin. -->","yoast_head_json":{"title":"Que faire autour de Rennes ? Visites, restos & activit\u00e9s","description":"Que faire pr\u00e8s de Rennes, activit\u00e9s Ille-et-Vilaine, visite Bretagne famille, randonn\u00e9e Mouaz\u00e9, restaurant gastronomique.","robots":{"index":"index","follow":"follow","max-snippet":"max-snippet:-1","max-image-preview":"max-image-preview:large","max-video-preview":"max-video-preview:-1"},"canonical":"https:\/\/lapeuterne.fr\/en\/aux-alentours-se-divertir-activites-pour-tous-les-profils\/","og_locale":"en_GB","og_type":"article","og_title":"Que faire autour de Rennes ? Visites, restos & activit\u00e9s","og_description":"Que faire pr\u00e8s de Rennes, activit\u00e9s Ille-et-Vilaine, visite Bretagne famille, randonn\u00e9e Mouaz\u00e9, restaurant gastronomique.","og_url":"https:\/\/lapeuterne.fr\/en\/aux-alentours-se-divertir-activites-pour-tous-les-profils\/","og_site_name":"La Peuterne - Chambre d&#039;h\u00f4te","article_publisher":"https:\/\/www.facebook.com\/profile.php?id=100083455444141","article_modified_time":"2026-04-30T22:42:27+00:00","og_image":[{"width":1920,"height":1280,"url":"https:\/\/lapeuterne.fr\/wp-content\/uploads\/2026\/04\/jake-melara-Yh6K2eTr_FY-unsplash.jpg","type":"image\/jpeg"}],"twitter_card":"summary_large_image","twitter_misc":{"Estimated reading time":"2 minutes"},"schema":{"@context":"https:\/\/schema.org","@graph":[{"@type":"WebPage","@id":"https:\/\/lapeuterne.fr\/aux-alentours-se-divertir-activites-pour-tous-les-profils\/","url":"https:\/\/lapeuterne.fr\/aux-alentours-se-divertir-activites-pour-tous-les-profils\/","name":"Que faire autour de Rennes ? Visites, restos & activit\u00e9s","isPartOf":{"@id":"https:\/\/lapeuterne.fr\/#website"},"primaryImageOfPage":{"@id":"https:\/\/lapeuterne.fr\/aux-alentours-se-divertir-activites-pour-tous-les-profils\/#primaryimage"},"image":{"@id":"https:\/\/lapeuterne.fr\/aux-alentours-se-divertir-activites-pour-tous-les-profils\/#primaryimage"},"thumbnailUrl":"https:\/\/lapeuterne.fr\/wp-content\/uploads\/2026\/04\/jake-melara-Yh6K2eTr_FY-unsplash.jpg","datePublished":"2026-04-19T02:55:26+00:00","dateModified":"2026-04-30T22:42:27+00:00","description":"Que faire pr\u00e8s de Rennes, activit\u00e9s Ille-et-Vilaine, visite Bretagne famille, randonn\u00e9e Mouaz\u00e9, restaurant gastronomique.","breadcrumb":{"@id":"https:\/\/lapeuterne.fr\/aux-alentours-se-divertir-activites-pour-tous-les-profils\/#breadcrumb"},"inLanguage":"en-GB","potentialAction":[{"@type":"ReadAction","target":["https:\/\/lapeuterne.fr\/aux-alentours-se-divertir-activites-pour-tous-les-profils\/"]}]},{"@type":"ImageObject","inLanguage":"en-GB","@id":"https:\/\/lapeuterne.fr\/aux-alentours-se-divertir-activites-pour-tous-les-profils\/#primaryimage","url":"https:\/\/lapeuterne.fr\/wp-content\/uploads\/2026\/04\/jake-melara-Yh6K2eTr_FY-unsplash.jpg","contentUrl":"https:\/\/lapeuterne.fr\/wp-content\/uploads\/2026\/04\/jake-melara-Yh6K2eTr_FY-unsplash.jpg","width":1920,"height":1280,"caption":"Randonn\u00e9e \/ Cr\u00e9dit photo : Jake Melara - UnSplash"},{"@type":"BreadcrumbList","@id":"https:\/\/lapeuterne.fr\/aux-alentours-se-divertir-activites-pour-tous-les-profils\/#breadcrumb","itemListElement":[{"@type":"ListItem","position":1,"name":"Accueil","item":"https:\/\/lapeuterne.fr\/"},{"@type":"ListItem","position":2,"name":"Aux alentours : se divertir, activit\u00e9s pour tous les profils"}]},{"@type":"WebSite","@id":"https:\/\/lapeuterne.fr\/#website","url":"https:\/\/lapeuterne.fr\/","name":"La Peuterne - Chambre d'h\u00f4te","description":"","publisher":{"@id":"https:\/\/lapeuterne.fr\/#organization"},"potentialAction":[{"@type":"SearchAction","target":{"@type":"EntryPoint","urlTemplate":"https:\/\/lapeuterne.fr\/?s={search_term_string}"},"query-input":{"@type":"PropertyValueSpecification","valueRequired":true,"valueName":"search_term_string"}}],"inLanguage":"en-GB"},{"@type":"Organization","@id":"https:\/\/lapeuterne.fr\/#organization","name":"La Peuterne - Chambre d'h\u00f4te","url":"https:\/\/lapeuterne.fr\/","logo":{"@type":"ImageObject","inLanguage":"en-GB","@id":"https:\/\/lapeuterne.fr\/#\/schema\/logo\/image\/","url":"https:\/\/lapeuterne.fr\/wp-content\/uploads\/2026\/04\/la-peuterne-vert-fonce.svg","contentUrl":"https:\/\/lapeuterne.fr\/wp-content\/uploads\/2026\/04\/la-peuterne-vert-fonce.svg","width":180,"height":80,"caption":"La Peuterne - Chambre d'h\u00f4te"},"image":{"@id":"https:\/\/lapeuterne.fr\/#\/schema\/logo\/image\/"},"sameAs":["https:\/\/www.facebook.com\/profile.php?id=100083455444141","https:\/\/www.instagram.com\/lapeuterne35\/"]}]}},"_links":{"self":[{"href":"https:\/\/lapeuterne.fr\/en\/wp-json\/wp\/v2\/pages\/820","targetHints":{"allow":["GET"]}}],"collection":[{"href":"https:\/\/lapeuterne.fr\/en\/wp-json\/wp\/v2\/pages"}],"about":[{"href":"https:\/\/lapeuterne.fr\/en\/wp-json\/wp\/v2\/types\/page"}],"author":[{"embeddable":true,"href":"https:\/\/lapeuterne.fr\/en\/wp-json\/wp\/v2\/users\/1"}],"replies":[{"embeddable":true,"href":"https:\/\/lapeuterne.fr\/en\/wp-json\/wp\/v2\/comments?post=820"}],"version-history":[{"count":10,"href":"https:\/\/lapeuterne.fr\/en\/wp-json\/wp\/v2\/pages\/820\/revisions"}],"predecessor-version":[{"id":853,"href":"https:\/\/lapeuterne.fr\/en\/wp-json\/wp\/v2\/pages\/820\/revisions\/853"}],"wp:featuredmedia":[{"embeddable":true,"href":"https:\/\/lapeuterne.fr\/en\/wp-json\/wp\/v2\/media\/824"}],"wp:attachment":[{"href":"https:\/\/lapeuterne.fr\/en\/wp-json\/wp\/v2\/media?parent=820"}],"curies":[{"name":"wp","href":"https:\/\/api.w.org\/{rel}","templated":true}]}}