{"id":764,"date":"2026-04-19T03:28:54","date_gmt":"2026-04-19T01:28:54","guid":{"rendered":"https:\/\/lapeuterne.fr\/?page_id=764"},"modified":"2026-04-19T05:26:54","modified_gmt":"2026-04-19T03:26:54","slug":"aux-alentours-se-restaurer-nos-adresses-coup-de-coeur","status":"publish","type":"page","link":"https:\/\/lapeuterne.fr\/en\/aux-alentours-se-restaurer-nos-adresses-coup-de-coeur\/","title":{"rendered":"Aux alentours : se restaurer, nos adresses coup de c\u0153ur"},"content":{"rendered":"<div class=\"wpb-content-wrapper\"><div class=\"vc_row wpb_row section vc_row-fluid  grid_section\" style=' text-align:center;'><div class=\"section_inner clearfix\"><div class='section_inner_margin clearfix'><div class=\"wpb_column vc_column_container vc_col-sm-12 vc_col-lg-offset-2 vc_col-lg-8\"><div class=\"vc_column-inner vc_custom_1516710684527\"><div class=\"wpb_wrapper\"><div class='q_elements_holder one_column responsive_mode_from_768' ><div class='q_elements_item' data-1280-1440='42px 66px 59px 66px' data-480='71px 20px 59px 23px' data-animation='no' data-item-class='q_elements_holder_custom_123164' style='background-color:#ffffff;'><div class='q_elements_item_inner'><div class='q_elements_item_content q_elements_holder_custom_123164' style='padding:42px 88px 59px 88px'>\n\t<div class=\"wpb_text_column wpb_content_element\">\n\t\t<div class=\"wpb_wrapper\">\n\t\t\t<h1>Se restaurer<\/h1>\n\n\t\t<\/div>\n\t<\/div>\n\t<div class=\"wpb_text_column wpb_content_element\">\n\t\t<div class=\"wpb_wrapper\">\n\t\t\t<p><span style=\"font-size: 18px;\">Envie de prolonger la d\u00e9couverte par la table ? Voici une s\u00e9lection d&rsquo;adresses que nous aimons recommander \u00e0 nos h\u00f4tes.<br \/>\n<\/span><\/p>\n\n\t\t<\/div>\n\t<\/div><\/div><\/div><\/div><\/div><\/div><\/div><\/div><\/div><\/div><\/div><div      class=\"vc_row wpb_row section vc_row-fluid  vc_custom_1776569049686 grid_section\" style=' text-align:left;'><div class=\"section_inner clearfix\"><div class='section_inner_margin clearfix'><div class=\"wpb_column vc_column_container vc_col-sm-2\"><div class=\"vc_column-inner\"><div class=\"wpb_wrapper\"><\/div><\/div><\/div><div class=\"wpb_column vc_column_container vc_col-sm-8\"><div class=\"vc_column-inner\"><div class=\"wpb_wrapper\">\n\t<div class=\"wpb_text_column wpb_content_element\">\n\t\t<div class=\"wpb_wrapper\">\n\t\t\t<h2>Nos adresses coup de c\u0153ur<\/h2>\n\n\t\t<\/div>\n\t<\/div><div class=\"vc_empty_space\"  style=\"height: 20px\" >\n\t<span class=\"vc_empty_space_inner\">\n\t\t<span class=\"empty_space_image\"  ><\/span>\n\t<\/span>\n<\/div><div      class=\"vc_row wpb_row section vc_row-fluid vc_inner\" style=' text-align:left;'><div class=\"full_section_inner clearfix\"><div class=\"wpb_column vc_column_container vc_col-sm-6\"><div class=\"vc_column-inner\"><div class=\"wpb_wrapper\">\n\t<div class=\"wpb_text_column wpb_content_element\">\n\t\t<div class=\"wpb_wrapper\">\n\t\t\t<h3>\u00c0 Betton (9 km)<\/h3>\n<ul>\n<li>La Buvette du Pont \u2014 Bar, guinguette, tapas, restaurant au bord de l&rsquo;Ille<br \/>\n\u2192 <a href=\"http:\/\/labuvettedupont.fr\" target=\"_blank\" rel=\"noopener\">labuvettedupont.fr<\/a><\/li>\n<li>L&rsquo;Officina Ristorante Italiano \u2014 Cuisine italienne authentique<br \/>\n\u2192 <a href=\"http:\/\/officina.bzh\" target=\"_blank\" rel=\"noopener\">officina.bzh<\/a><\/li>\n<li>Du Sud \u00e0 l&rsquo;Ouest \u2014 Cuisine cr\u00e9ative aux accents du monde<br \/>\n\u2192 <a href=\"http:\/\/dusudalouest.com\" target=\"_blank\" rel=\"noopener\">dusudalouest.com<\/a><\/li>\n<\/ul>\n\n\t\t<\/div>\n\t<\/div><div class=\"vc_empty_space\"  style=\"height: 32px\" >\n\t<span class=\"vc_empty_space_inner\">\n\t\t<span class=\"empty_space_image\"  ><\/span>\n\t<\/span>\n<\/div>\n\t<div class=\"wpb_text_column wpb_content_element\">\n\t\t<div class=\"wpb_wrapper\">\n\t\t\t<h3>\u00c0 Saint-Gr\u00e9goire (15 km)<\/h3>\n<p>La Cr\u00eaperie du March\u00e9 : 02 99 23 10 42<\/p>\n\n\t\t<\/div>\n\t<\/div><div class=\"vc_empty_space\"  style=\"height: 32px\" >\n\t<span class=\"vc_empty_space_inner\">\n\t\t<span class=\"empty_space_image\"  ><\/span>\n\t<\/span>\n<\/div>\n\t<div class=\"wpb_text_column wpb_content_element\">\n\t\t<div class=\"wpb_wrapper\">\n\t\t\t<h3>\u00c0 Cesson-S\u00e9vign\u00e9 (15 km)<\/h3>\n<ul>\n<li>La Cr\u00eaperie de la Hublais<br \/>\n\u2192 <a href=\"http:\/\/lahublais.com\" target=\"_blank\" rel=\"noopener\">lahublais.com<\/a><\/li>\n<li>L&rsquo;Adresse &#8211; Cuisine traditionnelle fran\u00e7aise<br \/>\n\u2192 <a href=\"http:\/\/restaurant-ladresse.com\" target=\"_blank\" rel=\"noopener\">restaurant-ladresse.com<\/a><\/li>\n<li>La Brasserie du Cessonnais &#8211; Terrasse en \u00e9t\u00e9 &#8211; 02 99 83 11 06<\/li>\n<\/ul>\n\n\t\t<\/div>\n\t<\/div><div class=\"vc_empty_space\"  style=\"height: 32px\" >\n\t<span class=\"vc_empty_space_inner\">\n\t\t<span class=\"empty_space_image\"  ><\/span>\n\t<\/span>\n<\/div><\/div><\/div><\/div><div class=\"wpb_column vc_column_container vc_col-sm-6\"><div class=\"vc_column-inner\"><div class=\"wpb_wrapper\">\n\t<div class=\"wpb_text_column wpb_content_element\">\n\t\t<div class=\"wpb_wrapper\">\n\t\t\t<h3>\u00c0 Rennes<\/h3>\n<p>La capitale bretonne regorge de bonnes tables. Parmi nos pr\u00e9f\u00e9r\u00e9es :<\/p>\n<ul>\n<li>La Cr\u00eaperie Sainte-Anne \u2014 Place Sainte-Anne, une institution rennaise<\/li>\n<li>Le Caf\u00e9 Breton<br \/>\n\u2192 <a href=\"http:\/\/cafe-breton.fr\" target=\"_blank\" rel=\"noopener\">cafe-breton.fr<\/a><\/li>\n<li>Les Brocanteurs<br \/>\n\u2192 <a href=\"http:\/\/lesbrocanteursrennes.com\" target=\"_blank\" rel=\"noopener\">lesbrocanteursrennes.com<\/a><\/li>\n<li>La Cr\u00eaperie Bretone \u2014 D\u00e9coration Odorico, un cadre unique<br \/>\n\u2192 <a href=\"http:\/\/facebook.com\/bretone.rennes\" target=\"_blank\" rel=\"noopener\">facebook.com\/bretone.rennes<\/a><\/li>\n<\/ul>\n\n\t\t<\/div>\n\t<\/div><div class=\"vc_empty_space\"  style=\"height: 32px\" >\n\t<span class=\"vc_empty_space_inner\">\n\t\t<span class=\"empty_space_image\"  ><\/span>\n\t<\/span>\n<\/div><\/div><\/div><\/div><\/div><\/div><div class=\"vc_empty_space\"  style=\"height: 32px\" >\n\t<span class=\"vc_empty_space_inner\">\n\t\t<span class=\"empty_space_image\"  ><\/span>\n\t<\/span>\n<\/div><\/div><\/div><\/div><div class=\"wpb_column vc_column_container vc_col-sm-2\"><div class=\"vc_column-inner\"><div class=\"wpb_wrapper\"><\/div><\/div><\/div><\/div><\/div><\/div><div      class=\"vc_row wpb_row section vc_row-fluid  vc_custom_1776569185686 grid_section\" style='background-color:#FFFDF7; text-align:left;'><svg class=\"angled-section svg-top\" preserveaspectratio=\"none\" viewbox=\"0 0 86 86\" width=\"100%\" height=\"86\"><polygon points=\"0,86 86,0 86,86\" style=\"fill:#FFFDF7;\" \/><\/svg><div class=\"section_inner clearfix\"><div class='section_inner_margin clearfix'><div class=\"wpb_column vc_column_container vc_col-sm-2\"><div class=\"vc_column-inner\"><div class=\"wpb_wrapper\"><\/div><\/div><\/div><div class=\"wpb_column vc_column_container vc_col-sm-8\"><div class=\"vc_column-inner\"><div class=\"wpb_wrapper\"><div class=\"vc_empty_space\"  style=\"height: 20px\" >\n\t<span class=\"vc_empty_space_inner\">\n\t\t<span class=\"empty_space_image\"  ><\/span>\n\t<\/span>\n<\/div>\n\t<div class=\"wpb_text_column wpb_content_element\">\n\t\t<div class=\"wpb_wrapper\">\n\t\t\t<h3>Pour les gastronomes : restaurants \u00e9toil\u00e9s<\/h3>\n<p>Une escapade gastronomique s&rsquo;impose ? La r\u00e9gion compte plusieurs tables d&rsquo;exception.<\/p>\n<ul>\n<li>IMA \u2605 : 20 boulevard de la Tour d&rsquo;Auvergne, Rennes<br \/>\n\u2192 <a href=\"http:\/\/ima.restaurant\" target=\"_blank\" rel=\"noopener\">ima.restaurant<\/a><\/li>\n<li>Racines \u2605 : 4 passage Antoinette Caillot, Rennes<br \/>\n\u2192 <a href=\"http:\/\/racines-restaurant.fr\" target=\"_blank\" rel=\"noopener\">racines-restaurant.fr<\/a><\/li>\n<li>Le Saison &#8211; Maison Ronan Kervarrec \u2605\u2605 : Impasse du Vieux Bourg, Saint-Gr\u00e9goire<br \/>\n\u2192 <a href=\"http:\/\/le-saison.com\/fr\" target=\"_blank\" rel=\"noopener\">le-saison.com\/fr<\/a><\/li>\n<\/ul>\n\n\t\t<\/div>\n\t<\/div><div class=\"vc_empty_space\"  style=\"height: 20px\" >\n\t<span class=\"vc_empty_space_inner\">\n\t\t<span class=\"empty_space_image\"  ><\/span>\n\t<\/span>\n<\/div><\/div><\/div><\/div><div class=\"wpb_column vc_column_container vc_col-sm-2\"><div class=\"vc_column-inner\"><div class=\"wpb_wrapper\"><\/div><\/div><\/div><\/div><\/div><svg class=\"angled-section svg-bottom\" preserveaspectratio=\"none\" viewbox=\"0 0 86 86\" width=\"100%\" height=\"86\"><polygon points=\"0,0 0,86 86,0\" style=\"fill:#FFFDF7;\" \/><\/svg><\/div>\n<\/div>","protected":false},"excerpt":{"rendered":"Se restaurer Envie de prolonger la d\u00e9couverte par la table ? Voici une s\u00e9lection d'adresses que nous aimons recommander \u00e0 nos h\u00f4tes. Nos adresses coup de c\u0153ur \u00c0 Betton (9 km) La Buvette du Pont \u2014 Bar, guinguette, tapas, restaurant au bord de l'Ille \u2192...","protected":false},"author":1,"featured_media":817,"parent":0,"menu_order":42,"comment_status":"closed","ping_status":"closed","template":"full_width.php","meta":{"inline_featured_image":false,"footnotes":""},"class_list":["post-764","page","type-page","status-publish","has-post-thumbnail","hentry"],"yoast_head":"<!-- This site is optimized with the Yoast SEO plugin v27.5 - https:\/\/yoast.com\/product\/yoast-seo-wordpress\/ -->\n<title>Que faire autour de Rennes ? Visites, restos &amp; activit\u00e9s<\/title>\n<meta name=\"description\" content=\"Que faire pr\u00e8s de Rennes, activit\u00e9s Ille-et-Vilaine, visite Bretagne famille, randonn\u00e9e Mouaz\u00e9, restaurant gastronomique.\" \/>\n<meta name=\"robots\" content=\"index, follow, max-snippet:-1, max-image-preview:large, max-video-preview:-1\" \/>\n<link rel=\"canonical\" href=\"https:\/\/lapeuterne.fr\/en\/aux-alentours-se-restaurer-nos-adresses-coup-de-coeur\/\" \/>\n<meta property=\"og:locale\" content=\"en_GB\" \/>\n<meta property=\"og:type\" content=\"article\" \/>\n<meta property=\"og:title\" content=\"Que faire autour de Rennes ? Visites, restos &amp; activit\u00e9s\" \/>\n<meta property=\"og:description\" content=\"Que faire pr\u00e8s de Rennes, activit\u00e9s Ille-et-Vilaine, visite Bretagne famille, randonn\u00e9e Mouaz\u00e9, restaurant gastronomique.\" \/>\n<meta property=\"og:url\" content=\"https:\/\/lapeuterne.fr\/en\/aux-alentours-se-restaurer-nos-adresses-coup-de-coeur\/\" \/>\n<meta property=\"og:site_name\" content=\"La Peuterne - Chambre d&#039;h\u00f4te\" \/>\n<meta property=\"article:publisher\" content=\"https:\/\/www.facebook.com\/profile.php?id=100083455444141\" \/>\n<meta property=\"article:modified_time\" content=\"2026-04-19T03:26:54+00:00\" \/>\n<meta property=\"og:image\" content=\"https:\/\/lapeuterne.fr\/wp-content\/uploads\/2026\/04\/jay-wennington-N_Y88TWmGwA-unsplash.jpg\" \/>\n\t<meta property=\"og:image:width\" content=\"1920\" \/>\n\t<meta property=\"og:image:height\" content=\"1280\" \/>\n\t<meta property=\"og:image:type\" content=\"image\/jpeg\" \/>\n<meta name=\"twitter:card\" content=\"summary_large_image\" \/>\n<meta name=\"twitter:label1\" content=\"Estimated reading time\" \/>\n\t<meta name=\"twitter:data1\" content=\"2 minutes\" \/>\n<script type=\"application\/ld+json\" class=\"yoast-schema-graph\">{\"@context\":\"https:\\\/\\\/schema.org\",\"@graph\":[{\"@type\":\"WebPage\",\"@id\":\"https:\\\/\\\/lapeuterne.fr\\\/aux-alentours-se-restaurer-nos-adresses-coup-de-coeur\\\/\",\"url\":\"https:\\\/\\\/lapeuterne.fr\\\/aux-alentours-se-restaurer-nos-adresses-coup-de-coeur\\\/\",\"name\":\"Que faire autour de Rennes ? Visites, restos & activit\u00e9s\",\"isPartOf\":{\"@id\":\"https:\\\/\\\/lapeuterne.fr\\\/#website\"},\"primaryImageOfPage\":{\"@id\":\"https:\\\/\\\/lapeuterne.fr\\\/aux-alentours-se-restaurer-nos-adresses-coup-de-coeur\\\/#primaryimage\"},\"image\":{\"@id\":\"https:\\\/\\\/lapeuterne.fr\\\/aux-alentours-se-restaurer-nos-adresses-coup-de-coeur\\\/#primaryimage\"},\"thumbnailUrl\":\"https:\\\/\\\/lapeuterne.fr\\\/wp-content\\\/uploads\\\/2026\\\/04\\\/jay-wennington-N_Y88TWmGwA-unsplash.jpg\",\"datePublished\":\"2026-04-19T01:28:54+00:00\",\"dateModified\":\"2026-04-19T03:26:54+00:00\",\"description\":\"Que faire pr\u00e8s de Rennes, activit\u00e9s Ille-et-Vilaine, visite Bretagne famille, randonn\u00e9e Mouaz\u00e9, restaurant gastronomique.\",\"breadcrumb\":{\"@id\":\"https:\\\/\\\/lapeuterne.fr\\\/aux-alentours-se-restaurer-nos-adresses-coup-de-coeur\\\/#breadcrumb\"},\"inLanguage\":\"en-GB\",\"potentialAction\":[{\"@type\":\"ReadAction\",\"target\":[\"https:\\\/\\\/lapeuterne.fr\\\/aux-alentours-se-restaurer-nos-adresses-coup-de-coeur\\\/\"]}]},{\"@type\":\"ImageObject\",\"inLanguage\":\"en-GB\",\"@id\":\"https:\\\/\\\/lapeuterne.fr\\\/aux-alentours-se-restaurer-nos-adresses-coup-de-coeur\\\/#primaryimage\",\"url\":\"https:\\\/\\\/lapeuterne.fr\\\/wp-content\\\/uploads\\\/2026\\\/04\\\/jay-wennington-N_Y88TWmGwA-unsplash.jpg\",\"contentUrl\":\"https:\\\/\\\/lapeuterne.fr\\\/wp-content\\\/uploads\\\/2026\\\/04\\\/jay-wennington-N_Y88TWmGwA-unsplash.jpg\",\"width\":1920,\"height\":1280,\"caption\":\"Restaurant \\\/ Cr\u00e9dit photo : Jay Wennington - UnSplash\"},{\"@type\":\"BreadcrumbList\",\"@id\":\"https:\\\/\\\/lapeuterne.fr\\\/aux-alentours-se-restaurer-nos-adresses-coup-de-coeur\\\/#breadcrumb\",\"itemListElement\":[{\"@type\":\"ListItem\",\"position\":1,\"name\":\"Accueil\",\"item\":\"https:\\\/\\\/lapeuterne.fr\\\/\"},{\"@type\":\"ListItem\",\"position\":2,\"name\":\"Aux alentours : se restaurer, nos adresses coup de c\u0153ur\"}]},{\"@type\":\"WebSite\",\"@id\":\"https:\\\/\\\/lapeuterne.fr\\\/#website\",\"url\":\"https:\\\/\\\/lapeuterne.fr\\\/\",\"name\":\"La Peuterne - Chambre d'h\u00f4te\",\"description\":\"\",\"publisher\":{\"@id\":\"https:\\\/\\\/lapeuterne.fr\\\/#organization\"},\"potentialAction\":[{\"@type\":\"SearchAction\",\"target\":{\"@type\":\"EntryPoint\",\"urlTemplate\":\"https:\\\/\\\/lapeuterne.fr\\\/?s={search_term_string}\"},\"query-input\":{\"@type\":\"PropertyValueSpecification\",\"valueRequired\":true,\"valueName\":\"search_term_string\"}}],\"inLanguage\":\"en-GB\"},{\"@type\":\"Organization\",\"@id\":\"https:\\\/\\\/lapeuterne.fr\\\/#organization\",\"name\":\"La Peuterne - Chambre d'h\u00f4te\",\"url\":\"https:\\\/\\\/lapeuterne.fr\\\/\",\"logo\":{\"@type\":\"ImageObject\",\"inLanguage\":\"en-GB\",\"@id\":\"https:\\\/\\\/lapeuterne.fr\\\/#\\\/schema\\\/logo\\\/image\\\/\",\"url\":\"https:\\\/\\\/lapeuterne.fr\\\/wp-content\\\/uploads\\\/2026\\\/04\\\/la-peuterne-vert-fonce.svg\",\"contentUrl\":\"https:\\\/\\\/lapeuterne.fr\\\/wp-content\\\/uploads\\\/2026\\\/04\\\/la-peuterne-vert-fonce.svg\",\"width\":180,\"height\":80,\"caption\":\"La Peuterne - Chambre d'h\u00f4te\"},\"image\":{\"@id\":\"https:\\\/\\\/lapeuterne.fr\\\/#\\\/schema\\\/logo\\\/image\\\/\"},\"sameAs\":[\"https:\\\/\\\/www.facebook.com\\\/profile.php?id=100083455444141\",\"https:\\\/\\\/www.instagram.com\\\/lapeuterne35\\\/\"]}]}<\/script>\n<!-- \/ Yoast SEO plugin. -->","yoast_head_json":{"title":"Que faire autour de Rennes ? Visites, restos & activit\u00e9s","description":"Que faire pr\u00e8s de Rennes, activit\u00e9s Ille-et-Vilaine, visite Bretagne famille, randonn\u00e9e Mouaz\u00e9, restaurant gastronomique.","robots":{"index":"index","follow":"follow","max-snippet":"max-snippet:-1","max-image-preview":"max-image-preview:large","max-video-preview":"max-video-preview:-1"},"canonical":"https:\/\/lapeuterne.fr\/en\/aux-alentours-se-restaurer-nos-adresses-coup-de-coeur\/","og_locale":"en_GB","og_type":"article","og_title":"Que faire autour de Rennes ? Visites, restos & activit\u00e9s","og_description":"Que faire pr\u00e8s de Rennes, activit\u00e9s Ille-et-Vilaine, visite Bretagne famille, randonn\u00e9e Mouaz\u00e9, restaurant gastronomique.","og_url":"https:\/\/lapeuterne.fr\/en\/aux-alentours-se-restaurer-nos-adresses-coup-de-coeur\/","og_site_name":"La Peuterne - Chambre d&#039;h\u00f4te","article_publisher":"https:\/\/www.facebook.com\/profile.php?id=100083455444141","article_modified_time":"2026-04-19T03:26:54+00:00","og_image":[{"width":1920,"height":1280,"url":"https:\/\/lapeuterne.fr\/wp-content\/uploads\/2026\/04\/jay-wennington-N_Y88TWmGwA-unsplash.jpg","type":"image\/jpeg"}],"twitter_card":"summary_large_image","twitter_misc":{"Estimated reading time":"2 minutes"},"schema":{"@context":"https:\/\/schema.org","@graph":[{"@type":"WebPage","@id":"https:\/\/lapeuterne.fr\/aux-alentours-se-restaurer-nos-adresses-coup-de-coeur\/","url":"https:\/\/lapeuterne.fr\/aux-alentours-se-restaurer-nos-adresses-coup-de-coeur\/","name":"Que faire autour de Rennes ? Visites, restos & activit\u00e9s","isPartOf":{"@id":"https:\/\/lapeuterne.fr\/#website"},"primaryImageOfPage":{"@id":"https:\/\/lapeuterne.fr\/aux-alentours-se-restaurer-nos-adresses-coup-de-coeur\/#primaryimage"},"image":{"@id":"https:\/\/lapeuterne.fr\/aux-alentours-se-restaurer-nos-adresses-coup-de-coeur\/#primaryimage"},"thumbnailUrl":"https:\/\/lapeuterne.fr\/wp-content\/uploads\/2026\/04\/jay-wennington-N_Y88TWmGwA-unsplash.jpg","datePublished":"2026-04-19T01:28:54+00:00","dateModified":"2026-04-19T03:26:54+00:00","description":"Que faire pr\u00e8s de Rennes, activit\u00e9s Ille-et-Vilaine, visite Bretagne famille, randonn\u00e9e Mouaz\u00e9, restaurant gastronomique.","breadcrumb":{"@id":"https:\/\/lapeuterne.fr\/aux-alentours-se-restaurer-nos-adresses-coup-de-coeur\/#breadcrumb"},"inLanguage":"en-GB","potentialAction":[{"@type":"ReadAction","target":["https:\/\/lapeuterne.fr\/aux-alentours-se-restaurer-nos-adresses-coup-de-coeur\/"]}]},{"@type":"ImageObject","inLanguage":"en-GB","@id":"https:\/\/lapeuterne.fr\/aux-alentours-se-restaurer-nos-adresses-coup-de-coeur\/#primaryimage","url":"https:\/\/lapeuterne.fr\/wp-content\/uploads\/2026\/04\/jay-wennington-N_Y88TWmGwA-unsplash.jpg","contentUrl":"https:\/\/lapeuterne.fr\/wp-content\/uploads\/2026\/04\/jay-wennington-N_Y88TWmGwA-unsplash.jpg","width":1920,"height":1280,"caption":"Restaurant \/ Cr\u00e9dit photo : Jay Wennington - UnSplash"},{"@type":"BreadcrumbList","@id":"https:\/\/lapeuterne.fr\/aux-alentours-se-restaurer-nos-adresses-coup-de-coeur\/#breadcrumb","itemListElement":[{"@type":"ListItem","position":1,"name":"Accueil","item":"https:\/\/lapeuterne.fr\/"},{"@type":"ListItem","position":2,"name":"Aux alentours : se restaurer, nos adresses coup de c\u0153ur"}]},{"@type":"WebSite","@id":"https:\/\/lapeuterne.fr\/#website","url":"https:\/\/lapeuterne.fr\/","name":"La Peuterne - Chambre d'h\u00f4te","description":"","publisher":{"@id":"https:\/\/lapeuterne.fr\/#organization"},"potentialAction":[{"@type":"SearchAction","target":{"@type":"EntryPoint","urlTemplate":"https:\/\/lapeuterne.fr\/?s={search_term_string}"},"query-input":{"@type":"PropertyValueSpecification","valueRequired":true,"valueName":"search_term_string"}}],"inLanguage":"en-GB"},{"@type":"Organization","@id":"https:\/\/lapeuterne.fr\/#organization","name":"La Peuterne - Chambre d'h\u00f4te","url":"https:\/\/lapeuterne.fr\/","logo":{"@type":"ImageObject","inLanguage":"en-GB","@id":"https:\/\/lapeuterne.fr\/#\/schema\/logo\/image\/","url":"https:\/\/lapeuterne.fr\/wp-content\/uploads\/2026\/04\/la-peuterne-vert-fonce.svg","contentUrl":"https:\/\/lapeuterne.fr\/wp-content\/uploads\/2026\/04\/la-peuterne-vert-fonce.svg","width":180,"height":80,"caption":"La Peuterne - Chambre d'h\u00f4te"},"image":{"@id":"https:\/\/lapeuterne.fr\/#\/schema\/logo\/image\/"},"sameAs":["https:\/\/www.facebook.com\/profile.php?id=100083455444141","https:\/\/www.instagram.com\/lapeuterne35\/"]}]}},"_links":{"self":[{"href":"https:\/\/lapeuterne.fr\/en\/wp-json\/wp\/v2\/pages\/764","targetHints":{"allow":["GET"]}}],"collection":[{"href":"https:\/\/lapeuterne.fr\/en\/wp-json\/wp\/v2\/pages"}],"about":[{"href":"https:\/\/lapeuterne.fr\/en\/wp-json\/wp\/v2\/types\/page"}],"author":[{"embeddable":true,"href":"https:\/\/lapeuterne.fr\/en\/wp-json\/wp\/v2\/users\/1"}],"replies":[{"embeddable":true,"href":"https:\/\/lapeuterne.fr\/en\/wp-json\/wp\/v2\/comments?post=764"}],"version-history":[{"count":27,"href":"https:\/\/lapeuterne.fr\/en\/wp-json\/wp\/v2\/pages\/764\/revisions"}],"predecessor-version":[{"id":838,"href":"https:\/\/lapeuterne.fr\/en\/wp-json\/wp\/v2\/pages\/764\/revisions\/838"}],"wp:featuredmedia":[{"embeddable":true,"href":"https:\/\/lapeuterne.fr\/en\/wp-json\/wp\/v2\/media\/817"}],"wp:attachment":[{"href":"https:\/\/lapeuterne.fr\/en\/wp-json\/wp\/v2\/media?parent=764"}],"curies":[{"name":"wp","href":"https:\/\/api.w.org\/{rel}","templated":true}]}}